{"id":6678,"date":"2026-03-18T17:14:38","date_gmt":"2026-03-18T16:14:38","guid":{"rendered":"https:\/\/esdi-ev.de\/elektroumbau-tuev-zulassung\/"},"modified":"2026-04-09T14:01:37","modified_gmt":"2026-04-09T12:01:37","slug":"elektroumbau-tuev-zulassung","status":"publish","type":"page","link":"https:\/\/esdi-ev.de\/en\/elektroumbau-tuev-zulassung\/","title":{"rendered":"Elektroumbau T\u00dcV-Zulassung: Ablauf &#038; Kosten"},"content":{"rendered":"<div data-elementor-type=\"wp-page\" data-elementor-id=\"6678\" class=\"elementor elementor-6678 elementor-bc-flex-widget\">\n\t\t\t\t\t\t<section class=\"ob-is-breaking-bad elementor-section elementor-top-section elementor-element elementor-element-tvhero elementor-section-boxed elementor-section-height-default elementor-section-height-default\" data-id=\"tvhero\" data-element_type=\"section\" data-e-type=\"section\" data-settings=\"{&quot;background_background&quot;:&quot;classic&quot;,&quot;_ob_bbad_use_it&quot;:&quot;yes&quot;,&quot;_ob_bbad_sssic_use&quot;:&quot;no&quot;,&quot;_ob_glider_is_slider&quot;:&quot;no&quot;}\">\r\n\t\t\t\t\t\t<div class=\"elementor-container elementor-column-gap-thegem\"><div class=\"elementor-row\">\r\n\t\t\t\t\t<div class=\"elementor-column elementor-col-100 elementor-top-column elementor-element elementor-element-tvc\" data-id=\"tvc\" data-element_type=\"column\" data-e-type=\"column\" data-settings=\"{&quot;_ob_bbad_is_stalker&quot;:&quot;no&quot;,&quot;_ob_teleporter_use&quot;:false,&quot;_ob_column_hoveranimator&quot;:&quot;no&quot;,&quot;_ob_column_has_pseudo&quot;:&quot;no&quot;}\">\n\t\t\t<div class=\"elementor-widget-wrap elementor-element-populated\">\n\t\t\t\t\t\t<div class=\"elementor-element elementor-element-tvh1 ob-harakiri-inherit flex-horizontal-align-default flex-horizontal-align-tablet-default flex-horizontal-align-mobile-default flex-vertical-align-default flex-vertical-align-tablet-default flex-vertical-align-mobile-default ob-has-background-overlay elementor-widget elementor-widget-heading\" data-id=\"tvh1\" data-element_type=\"widget\" data-e-type=\"widget\" data-settings=\"{&quot;_ob_use_harakiri&quot;:&quot;yes&quot;,&quot;_ob_harakiri_writing_mode&quot;:&quot;inherit&quot;,&quot;_ob_harakiri_text_clip&quot;:&quot;none&quot;,&quot;_ob_perspektive_use&quot;:&quot;no&quot;,&quot;_ob_poopart_use&quot;:&quot;yes&quot;,&quot;_ob_shadough_use&quot;:&quot;no&quot;,&quot;_ob_allow_hoveranimator&quot;:&quot;no&quot;,&quot;_ob_widget_stalker_use&quot;:&quot;no&quot;}\" data-widget_type=\"heading.default\">\n\t\t\t\t<div class=\"elementor-widget-container\">\n\t\t\t\t\t<h2 class=\"elementor-heading-title elementor-size-default\">Elektroumbau T\u00dcV-Zulassung<\/h2>\t\t\t\t<\/div>\n\t\t\t\t<\/div>\n\t\t\t\t<div class=\"elementor-element elementor-element-tvh2 ob-harakiri-inherit flex-horizontal-align-default flex-horizontal-align-tablet-default flex-horizontal-align-mobile-default flex-vertical-align-default flex-vertical-align-tablet-default flex-vertical-align-mobile-default ob-has-background-overlay elementor-widget elementor-widget-heading\" data-id=\"tvh2\" data-element_type=\"widget\" data-e-type=\"widget\" data-settings=\"{&quot;_ob_use_harakiri&quot;:&quot;yes&quot;,&quot;_ob_harakiri_writing_mode&quot;:&quot;inherit&quot;,&quot;_ob_harakiri_text_clip&quot;:&quot;none&quot;,&quot;_ob_perspektive_use&quot;:&quot;no&quot;,&quot;_ob_poopart_use&quot;:&quot;yes&quot;,&quot;_ob_shadough_use&quot;:&quot;no&quot;,&quot;_ob_allow_hoveranimator&quot;:&quot;no&quot;,&quot;_ob_widget_stalker_use&quot;:&quot;no&quot;}\" data-widget_type=\"heading.default\">\n\t\t\t\t<div class=\"elementor-widget-container\">\n\t\t\t\t\t<h2 class=\"elementor-heading-title elementor-size-default\">Merkblatt 764, Ablauf, Kosten &amp; Dokumentation<\/h2>\t\t\t\t<\/div>\n\t\t\t\t<\/div>\n\t\t\t\t<div class=\"elementor-element elementor-element-tvd elementor-widget-divider--view-line flex-horizontal-align-default flex-horizontal-align-tablet-default flex-horizontal-align-mobile-default flex-vertical-align-default flex-vertical-align-tablet-default flex-vertical-align-mobile-default ob-has-background-overlay elementor-widget elementor-widget-divider\" data-id=\"tvd\" data-element_type=\"widget\" data-e-type=\"widget\" data-settings=\"{&quot;_ob_perspektive_use&quot;:&quot;no&quot;,&quot;_ob_poopart_use&quot;:&quot;yes&quot;,&quot;_ob_shadough_use&quot;:&quot;no&quot;,&quot;_ob_allow_hoveranimator&quot;:&quot;no&quot;,&quot;_ob_widget_stalker_use&quot;:&quot;no&quot;}\" data-widget_type=\"divider.default\">\n\t\t\t\t<div class=\"elementor-widget-container\">\n\t\t\t\t\t\t\t<div class=\"elementor-divider\">\n\t\t\t<span class=\"elementor-divider-separator\">\n\t\t\t\t\t\t<\/span>\n\t\t<\/div>\n\t\t\t\t\t\t<\/div>\n\t\t\t\t<\/div>\n\t\t\t\t<div class=\"elementor-element elementor-element-tvintro ob-harakiri-inherit flex-horizontal-align-default flex-horizontal-align-tablet-default flex-horizontal-align-mobile-default flex-vertical-align-default flex-vertical-align-tablet-default flex-vertical-align-mobile-default ob-has-background-overlay elementor-widget elementor-widget-text-editor\" data-id=\"tvintro\" data-element_type=\"widget\" data-e-type=\"widget\" data-settings=\"{&quot;_ob_use_harakiri&quot;:&quot;yes&quot;,&quot;_ob_harakiri_writing_mode&quot;:&quot;inherit&quot;,&quot;_ob_postman_use&quot;:&quot;no&quot;,&quot;_ob_perspektive_use&quot;:&quot;no&quot;,&quot;_ob_poopart_use&quot;:&quot;yes&quot;,&quot;_ob_shadough_use&quot;:&quot;no&quot;,&quot;_ob_allow_hoveranimator&quot;:&quot;no&quot;,&quot;_ob_widget_stalker_use&quot;:&quot;no&quot;}\" data-widget_type=\"text-editor.default\">\n\t\t\t\t<div class=\"elementor-widget-container\">\n\t\t\t\t\t\t\t\t\t\t\t\t<div class=\"elementor-text-editor elementor-clearfix\">\r\n\t\t\t\t\t\t<p style=\"color:#ccc;font-size:16px;\">Die T\u00dcV-Zulassung ist einer der wichtigsten Schritte beim Elektroumbau \u2013 und gleichzeitig einer der gr\u00f6\u00dften Unsicherheitsfaktoren f\u00fcr viele Oldtimer-Besitzer. Die gute Nachricht: Mit der richtigen Vorbereitung und einem T\u00dcV-gepr\u00fcften Kit ist die Abnahme unkompliziert. Hier erf\u00e4hrst du alles, was du wissen musst.<\/p>\t\t\t\t\t\t\t<\/div>\r\n\t\t\t\t\t\t\t\t\t\t<\/div>\n\t\t\t\t<\/div>\n\t\t\t\t\t<\/div>\n\t\t<\/div>\n\t\t\t\t\t<\/div><\/div>\r\n\t\t<\/section>\r\n\t\t\t\t<section class=\"ob-is-breaking-bad elementor-section elementor-top-section elementor-element elementor-element-tvbody elementor-section-boxed elementor-section-height-default elementor-section-height-default\" data-id=\"tvbody\" data-element_type=\"section\" data-e-type=\"section\" data-settings=\"{&quot;background_background&quot;:&quot;classic&quot;,&quot;_ob_bbad_use_it&quot;:&quot;yes&quot;,&quot;_ob_bbad_sssic_use&quot;:&quot;no&quot;,&quot;_ob_glider_is_slider&quot;:&quot;no&quot;}\">\r\n\t\t\t\t\t\t<div class=\"elementor-container elementor-column-gap-thegem\"><div class=\"elementor-row\">\r\n\t\t\t\t\t<div class=\"elementor-column elementor-col-100 elementor-top-column elementor-element elementor-element-tvc2\" data-id=\"tvc2\" data-element_type=\"column\" data-e-type=\"column\" data-settings=\"{&quot;_ob_bbad_is_stalker&quot;:&quot;no&quot;,&quot;_ob_teleporter_use&quot;:false,&quot;_ob_column_hoveranimator&quot;:&quot;no&quot;,&quot;_ob_column_has_pseudo&quot;:&quot;no&quot;}\">\n\t\t\t<div class=\"elementor-widget-wrap elementor-element-populated\">\n\t\t\t\t\t\t<div class=\"elementor-element elementor-element-tvt ob-harakiri-inherit flex-horizontal-align-default flex-horizontal-align-tablet-default flex-horizontal-align-mobile-default flex-vertical-align-default flex-vertical-align-tablet-default flex-vertical-align-mobile-default ob-has-background-overlay elementor-widget elementor-widget-text-editor\" data-id=\"tvt\" data-element_type=\"widget\" data-e-type=\"widget\" data-settings=\"{&quot;_ob_use_harakiri&quot;:&quot;yes&quot;,&quot;_ob_harakiri_writing_mode&quot;:&quot;inherit&quot;,&quot;_ob_postman_use&quot;:&quot;no&quot;,&quot;_ob_perspektive_use&quot;:&quot;no&quot;,&quot;_ob_poopart_use&quot;:&quot;yes&quot;,&quot;_ob_shadough_use&quot;:&quot;no&quot;,&quot;_ob_allow_hoveranimator&quot;:&quot;no&quot;,&quot;_ob_widget_stalker_use&quot;:&quot;no&quot;}\" data-widget_type=\"text-editor.default\">\n\t\t\t\t<div class=\"elementor-widget-container\">\n\t\t\t\t\t\t\t\t\t\t\t\t<div class=\"elementor-text-editor elementor-clearfix\">\r\n\t\t\t\t\t\t<h2 style=\"color:#fff;\">Was ist Merkblatt 764?<\/h2><p style=\"color:#ccc;\">Das <strong>T\u00dcV-Merkblatt 764<\/strong> (offiziell: \u201ePr\u00fcfung von Elektro-Umr\u00fcstungen\u201c) ist der technische Leitfaden f\u00fcr die Abnahme von Fahrzeugen, die von Verbrenner auf Elektroantrieb umger\u00fcstet wurden. Es regelt, welche Nachweise und Pr\u00fcfungen erforderlich sind, damit das umgebaute Fahrzeug eine Betriebserlaubnis erh\u00e4lt.<\/p><p style=\"color:#ccc;margin-top:10px;\">Die wichtigsten Pr\u00fcfpunkte:<\/p><ul style=\"color:#ccc;padding-left:20px;margin:12px 0;\"><li><strong>Festigkeit der Befestigungspunkte<\/strong> \u2013 Motor und Batterie m\u00fcssen crashsicher montiert sein<\/li><li><strong>Hochvolt-Sicherheit<\/strong> \u2013 Isolation, Kurzschlussschutz, Abschaltmechanismen<\/li><li><strong>EMV (Elektromagnetische Vertr\u00e4glichkeit)<\/strong> \u2013 Der Antrieb darf andere Ger\u00e4te nicht st\u00f6ren<\/li><li><strong>Bremsleistung<\/strong> \u2013 Muss trotz ver\u00e4nderter Gewichtsverteilung ausreichend sein<\/li><li><strong>Lenkf\u00e4higkeit &amp; Fahrverhalten<\/strong> \u2013 Achslast-Verteilung innerhalb der Grenzen<\/li><\/ul><h2 style=\"color:#fff;margin-top:40px;\">Der Ablauf der T\u00dcV-Abnahme<\/h2><p style=\"color:#ccc;\"><strong>Schritt 1: Dokumentation vorbereiten<\/strong><\/p><p style=\"color:#ccc;\">Du brauchst: Pr\u00fcfberichte des Kit-Herstellers (bei ESDI EV inklusive), Schaltpl\u00e4ne, Festigkeitsnachweise f\u00fcr Befestigungspunkte, Datenbl\u00e4tter der verwendeten Komponenten (Motor, Batterie, BMS, Lader).<\/p><p style=\"color:#ccc;margin-top:12px;\"><strong>Schritt 2: Termin beim T\u00dcV\/DEKRA<\/strong><\/p><p style=\"color:#ccc;\">Vereinbare einen Termin speziell f\u00fcr eine Elektro-Umr\u00fcstungsabnahme. Nicht jeder Pr\u00fcfer kennt sich mit Merkblatt 764 aus \u2013 frage gezielt nach einem Pr\u00fcfer mit E-Fahrzeug-Erfahrung.<\/p><p style=\"color:#ccc;margin-top:12px;\"><strong>Schritt 3: Pr\u00fcfung vor Ort<\/strong><\/p><p style=\"color:#ccc;\">Der Pr\u00fcfer kontrolliert: Montagequalit\u00e4t, HV-Sicherheit (Isolationsmessung), Funktion aller Bordsysteme (Licht, Blinker, Bremse), Probefahrt.<\/p><p style=\"color:#ccc;margin-top:12px;\"><strong>Schritt 4: Eintragung<\/strong><\/p><p style=\"color:#ccc;\">Nach erfolgreicher Pr\u00fcfung bekommst du ein \u00c4nderungsgutachten. Damit gehst du zur Zulassungsstelle und l\u00e4sst das Fahrzeug als Elektrofahrzeug eintragen.<\/p><h2 style=\"color:#fff;margin-top:40px;\">Kosten der T\u00dcV-Abnahme<\/h2><p style=\"color:#ccc;\">Die reine T\u00dcV-Abnahme kostet <strong>300\u2013500 \u20ac<\/strong> je nach Pr\u00fcfstelle und Umfang. Bei ESDI EV Kits sind alle erforderlichen Dokumente und Pr\u00fcfberichte im Kit-Preis enthalten \u2013 du zahlst nur die Pr\u00fcfgeb\u00fchren.<\/p><h2 style=\"color:#fff;margin-top:40px;\">Warum T\u00dcV-gepr\u00fcfte Kits den Unterschied machen<\/h2><p style=\"color:#ccc;\">Bei einem DIY-Umbau ohne zertifiziertes Kit musst du alle Nachweise selbst erbringen: Festigkeitsberechnungen, HV-Isolationsprotokolle, EMV-Tests. Das kann tausende Euro und Monate zus\u00e4tzlich kosten. Mit einem T\u00dcV-gepr\u00fcften Kit wie von ESDI EV ist die Abnahme eine Formalit\u00e4t \u2013 alle kritischen Pr\u00fcfungen sind bereits vom Hersteller durchgef\u00fchrt.<\/p><h2 style=\"color:#fff;margin-top:40px;\">Nach der Abnahme: E-Kennzeichen &amp; Steuervorteile<\/h2><p style=\"color:#ccc;\">Nach der T\u00dcV-Eintragung als Elektrofahrzeug kannst du ein E-Kennzeichen beantragen. Vorteile: 10 Jahre KFZ-Steuerbefreiung, kostenloses Parken auf E-Parkpl\u00e4tzen, Umweltzonen-Freiheit. <a href=\"\/en\/h-kennzeichen-e-kennzeichen-elektroumbau\/\" style=\"color:#b6c6c9;\">H- vs E-Kennzeichen Vergleich<\/a> | <a href=\"\/en\/foerderung-elektroumbau\/\" style=\"color:#b6c6c9;\">Alle F\u00f6rderungen<\/a><\/p><h2 style=\"color:#fff;margin-top:40px;\">H\u00e4ufige Fragen zur T\u00dcV-Zulassung<\/h2><h3 style=\"color:#b6c6c9;\">Wie lange dauert die T\u00dcV-Abnahme?<\/h3><p style=\"color:#ccc;\">Die eigentliche Pr\u00fcfung dauert 1\u20132 Stunden. Mit Vorbereitung und Eintragung bei der Zulassungsstelle ist alles an einem Tag erledigt.<\/p><h3 style=\"color:#b6c6c9;\">Was passiert, wenn der T\u00dcV den Umbau nicht abnimmt?<\/h3><p style=\"color:#ccc;\">Bei ESDI EV Kits ist das extrem selten, da alle kritischen Komponenten vorab gepr\u00fcft sind. Sollte es M\u00e4ngel geben (z.B. bei der Montagequalit\u00e4t), bekommst du eine M\u00e4ngelliste und kannst nachbessern.<\/p><h3 style=\"color:#b6c6c9;\">Brauche ich einen speziellen T\u00dcV-Pr\u00fcfer?<\/h3><p style=\"color:#ccc;\">Ideal ist ein Pr\u00fcfer mit Erfahrung in Elektro-Umr\u00fcstungen (Merkblatt 764). Frage bei der Anmeldung gezielt danach. In Ballungsgebieten gibt es mittlerweile spezialisierte Pr\u00fcfer.<\/p><div style=\"text-align:center;margin-top:50px;\"><a href=\"\/en\/kontakt\/\" style=\"display:inline-block;padding:14px 32px;background:transparent;border:2px solid #b6c6c9;color:#b6c6c9;text-decoration:none;font-weight:600;letter-spacing:1px;border-radius:4px;\">UMBAU ANFRAGEN<\/a><\/div>\t\t\t\t\t\t\t<\/div>\r\n\t\t\t\t\t\t\t\t\t\t<\/div>\n\t\t\t\t<\/div>\n\t\t\t\t\t<\/div>\n\t\t<\/div>\n\t\t\t\t\t<\/div><\/div>\r\n\t\t<\/section>\r\n\t\t\t\t<\/div>","protected":false},"excerpt":{"rendered":"","protected":false},"author":1,"featured_media":5753,"parent":0,"menu_order":0,"comment_status":"closed","ping_status":"closed","template":"page-fullwidth.php","meta":{"footnotes":""},"class_list":["post-6678","page","type-page","status-publish","has-post-thumbnail"],"_links":{"self":[{"href":"https:\/\/esdi-ev.de\/en\/wp-json\/wp\/v2\/pages\/6678","targetHints":{"allow":["GET"]}}],"collection":[{"href":"https:\/\/esdi-ev.de\/en\/wp-json\/wp\/v2\/pages"}],"about":[{"href":"https:\/\/esdi-ev.de\/en\/wp-json\/wp\/v2\/types\/page"}],"author":[{"embeddable":true,"href":"https:\/\/esdi-ev.de\/en\/wp-json\/wp\/v2\/users\/1"}],"replies":[{"embeddable":true,"href":"https:\/\/esdi-ev.de\/en\/wp-json\/wp\/v2\/comments?post=6678"}],"version-history":[{"count":1,"href":"https:\/\/esdi-ev.de\/en\/wp-json\/wp\/v2\/pages\/6678\/revisions"}],"predecessor-version":[{"id":7782,"href":"https:\/\/esdi-ev.de\/en\/wp-json\/wp\/v2\/pages\/6678\/revisions\/7782"}],"wp:featuredmedia":[{"embeddable":true,"href":"https:\/\/esdi-ev.de\/en\/wp-json\/wp\/v2\/media\/5753"}],"wp:attachment":[{"href":"https:\/\/esdi-ev.de\/en\/wp-json\/wp\/v2\/media?parent=6678"}],"curies":[{"name":"wp","href":"https:\/\/api.w.org\/{rel}","templated":true}]}}