{"id":6677,"date":"2026-03-18T17:14:38","date_gmt":"2026-03-18T16:14:38","guid":{"rendered":"https:\/\/esdi-ev.de\/vw-t2-bus-elektroumbau\/"},"modified":"2026-04-09T14:01:36","modified_gmt":"2026-04-09T12:01:36","slug":"vw-t2-bus-elektroumbau","status":"publish","type":"page","link":"https:\/\/esdi-ev.de\/en\/vw-t2-bus-elektroumbau\/","title":{"rendered":"VW T2 Bus Elektroumbau: Kit, Kosten &#038; T\u00dcV (2026)"},"content":{"rendered":"<div data-elementor-type=\"wp-page\" data-elementor-id=\"6677\" class=\"elementor elementor-6677 elementor-bc-flex-widget\">\n\t\t\t\t\t\t<section class=\"ob-is-breaking-bad elementor-section elementor-top-section elementor-element elementor-element-t2hero elementor-section-boxed elementor-section-height-default elementor-section-height-default\" data-id=\"t2hero\" data-element_type=\"section\" data-e-type=\"section\" data-settings=\"{&quot;background_background&quot;:&quot;classic&quot;,&quot;_ob_bbad_use_it&quot;:&quot;yes&quot;,&quot;_ob_bbad_sssic_use&quot;:&quot;no&quot;,&quot;_ob_glider_is_slider&quot;:&quot;no&quot;}\">\r\n\t\t\t\t\t\t<div class=\"elementor-container elementor-column-gap-thegem\"><div class=\"elementor-row\">\r\n\t\t\t\t\t<div class=\"elementor-column elementor-col-100 elementor-top-column elementor-element elementor-element-t2c\" data-id=\"t2c\" data-element_type=\"column\" data-e-type=\"column\" data-settings=\"{&quot;_ob_bbad_is_stalker&quot;:&quot;no&quot;,&quot;_ob_teleporter_use&quot;:false,&quot;_ob_column_hoveranimator&quot;:&quot;no&quot;,&quot;_ob_column_has_pseudo&quot;:&quot;no&quot;}\">\n\t\t\t<div class=\"elementor-widget-wrap elementor-element-populated\">\n\t\t\t\t\t\t<div class=\"elementor-element elementor-element-t2h1 ob-harakiri-inherit flex-horizontal-align-default flex-horizontal-align-tablet-default flex-horizontal-align-mobile-default flex-vertical-align-default flex-vertical-align-tablet-default flex-vertical-align-mobile-default ob-has-background-overlay elementor-widget elementor-widget-heading\" data-id=\"t2h1\" data-element_type=\"widget\" data-e-type=\"widget\" data-settings=\"{&quot;_ob_use_harakiri&quot;:&quot;yes&quot;,&quot;_ob_harakiri_writing_mode&quot;:&quot;inherit&quot;,&quot;_ob_harakiri_text_clip&quot;:&quot;none&quot;,&quot;_ob_perspektive_use&quot;:&quot;no&quot;,&quot;_ob_poopart_use&quot;:&quot;yes&quot;,&quot;_ob_shadough_use&quot;:&quot;no&quot;,&quot;_ob_allow_hoveranimator&quot;:&quot;no&quot;,&quot;_ob_widget_stalker_use&quot;:&quot;no&quot;}\" data-widget_type=\"heading.default\">\n\t\t\t\t<div class=\"elementor-widget-container\">\n\t\t\t\t\t<h2 class=\"elementor-heading-title elementor-size-default\">VW T2 Bus Elektroumbau<\/h2>\t\t\t\t<\/div>\n\t\t\t\t<\/div>\n\t\t\t\t<div class=\"elementor-element elementor-element-t2h2 ob-harakiri-inherit flex-horizontal-align-default flex-horizontal-align-tablet-default flex-horizontal-align-mobile-default flex-vertical-align-default flex-vertical-align-tablet-default flex-vertical-align-mobile-default ob-has-background-overlay elementor-widget elementor-widget-heading\" data-id=\"t2h2\" data-element_type=\"widget\" data-e-type=\"widget\" data-settings=\"{&quot;_ob_use_harakiri&quot;:&quot;yes&quot;,&quot;_ob_harakiri_writing_mode&quot;:&quot;inherit&quot;,&quot;_ob_harakiri_text_clip&quot;:&quot;none&quot;,&quot;_ob_perspektive_use&quot;:&quot;no&quot;,&quot;_ob_poopart_use&quot;:&quot;yes&quot;,&quot;_ob_shadough_use&quot;:&quot;no&quot;,&quot;_ob_allow_hoveranimator&quot;:&quot;no&quot;,&quot;_ob_widget_stalker_use&quot;:&quot;no&quot;}\" data-widget_type=\"heading.default\">\n\t\t\t\t<div class=\"elementor-widget-container\">\n\t\t\t\t\t<h2 class=\"elementor-heading-title elementor-size-default\">Kosten, T\u00dcV-Kit &amp; Anleitung f\u00fcr den Bulli der 70er (2026)<\/h2>\t\t\t\t<\/div>\n\t\t\t\t<\/div>\n\t\t\t\t<div class=\"elementor-element elementor-element-t2d elementor-widget-divider--view-line flex-horizontal-align-default flex-horizontal-align-tablet-default flex-horizontal-align-mobile-default flex-vertical-align-default flex-vertical-align-tablet-default flex-vertical-align-mobile-default ob-has-background-overlay elementor-widget elementor-widget-divider\" data-id=\"t2d\" data-element_type=\"widget\" data-e-type=\"widget\" data-settings=\"{&quot;_ob_perspektive_use&quot;:&quot;no&quot;,&quot;_ob_poopart_use&quot;:&quot;yes&quot;,&quot;_ob_shadough_use&quot;:&quot;no&quot;,&quot;_ob_allow_hoveranimator&quot;:&quot;no&quot;,&quot;_ob_widget_stalker_use&quot;:&quot;no&quot;}\" data-widget_type=\"divider.default\">\n\t\t\t\t<div class=\"elementor-widget-container\">\n\t\t\t\t\t\t\t<div class=\"elementor-divider\">\n\t\t\t<span class=\"elementor-divider-separator\">\n\t\t\t\t\t\t<\/span>\n\t\t<\/div>\n\t\t\t\t\t\t<\/div>\n\t\t\t\t<\/div>\n\t\t\t\t<div class=\"elementor-element elementor-element-t2intro ob-harakiri-inherit flex-horizontal-align-default flex-horizontal-align-tablet-default flex-horizontal-align-mobile-default flex-vertical-align-default flex-vertical-align-tablet-default flex-vertical-align-mobile-default ob-has-background-overlay elementor-widget elementor-widget-text-editor\" data-id=\"t2intro\" data-element_type=\"widget\" data-e-type=\"widget\" data-settings=\"{&quot;_ob_use_harakiri&quot;:&quot;yes&quot;,&quot;_ob_harakiri_writing_mode&quot;:&quot;inherit&quot;,&quot;_ob_postman_use&quot;:&quot;no&quot;,&quot;_ob_perspektive_use&quot;:&quot;no&quot;,&quot;_ob_poopart_use&quot;:&quot;yes&quot;,&quot;_ob_shadough_use&quot;:&quot;no&quot;,&quot;_ob_allow_hoveranimator&quot;:&quot;no&quot;,&quot;_ob_widget_stalker_use&quot;:&quot;no&quot;}\" data-widget_type=\"text-editor.default\">\n\t\t\t\t<div class=\"elementor-widget-container\">\n\t\t\t\t\t\t\t\t\t\t\t\t<div class=\"elementor-text-editor elementor-clearfix\">\r\n\t\t\t\t\t\t<p style=\"color:#ccc;font-size:16px;\">Der VW T2 \u2013 ob als Campingbus, Kombi oder Pritsche \u2013 ist der Inbegriff des Freiheitsgef\u00fchls der 70er Jahre. Mit einem Elektroumbau wird er vom sympathischen, aber kraftlosen Veteran zum modernen Reisebegleiter: Kraftvoll, leise und emissionsfrei. Hier erf\u00e4hrst du alles \u00fcber den T2 Elektroumbau.<\/p>\t\t\t\t\t\t\t<\/div>\r\n\t\t\t\t\t\t\t\t\t\t<\/div>\n\t\t\t\t<\/div>\n\t\t\t\t\t<\/div>\n\t\t<\/div>\n\t\t\t\t\t<\/div><\/div>\r\n\t\t<\/section>\r\n\t\t\t\t<section class=\"ob-is-breaking-bad elementor-section elementor-top-section elementor-element elementor-element-t2body elementor-section-boxed elementor-section-height-default elementor-section-height-default\" data-id=\"t2body\" data-element_type=\"section\" data-e-type=\"section\" data-settings=\"{&quot;background_background&quot;:&quot;classic&quot;,&quot;_ob_bbad_use_it&quot;:&quot;yes&quot;,&quot;_ob_bbad_sssic_use&quot;:&quot;no&quot;,&quot;_ob_glider_is_slider&quot;:&quot;no&quot;}\">\r\n\t\t\t\t\t\t<div class=\"elementor-container elementor-column-gap-thegem\"><div class=\"elementor-row\">\r\n\t\t\t\t\t<div class=\"elementor-column elementor-col-100 elementor-top-column elementor-element elementor-element-t2c2\" data-id=\"t2c2\" data-element_type=\"column\" data-e-type=\"column\" data-settings=\"{&quot;_ob_bbad_is_stalker&quot;:&quot;no&quot;,&quot;_ob_teleporter_use&quot;:false,&quot;_ob_column_hoveranimator&quot;:&quot;no&quot;,&quot;_ob_column_has_pseudo&quot;:&quot;no&quot;}\">\n\t\t\t<div class=\"elementor-widget-wrap elementor-element-populated\">\n\t\t\t\t\t\t<div class=\"elementor-element elementor-element-t2t ob-harakiri-inherit flex-horizontal-align-default flex-horizontal-align-tablet-default flex-horizontal-align-mobile-default flex-vertical-align-default flex-vertical-align-tablet-default flex-vertical-align-mobile-default ob-has-background-overlay elementor-widget elementor-widget-text-editor\" data-id=\"t2t\" data-element_type=\"widget\" data-e-type=\"widget\" data-settings=\"{&quot;_ob_use_harakiri&quot;:&quot;yes&quot;,&quot;_ob_harakiri_writing_mode&quot;:&quot;inherit&quot;,&quot;_ob_postman_use&quot;:&quot;no&quot;,&quot;_ob_perspektive_use&quot;:&quot;no&quot;,&quot;_ob_poopart_use&quot;:&quot;yes&quot;,&quot;_ob_shadough_use&quot;:&quot;no&quot;,&quot;_ob_allow_hoveranimator&quot;:&quot;no&quot;,&quot;_ob_widget_stalker_use&quot;:&quot;no&quot;}\" data-widget_type=\"text-editor.default\">\n\t\t\t\t<div class=\"elementor-widget-container\">\n\t\t\t\t\t\t\t\t\t\t\t\t<div class=\"elementor-text-editor elementor-clearfix\">\r\n\t\t\t\t\t\t<h2 style=\"color:#fff;\">Warum den VW T2 auf Elektro umbauen?<\/h2><p style=\"color:#ccc;\">Der originale T2-Motor (50\u201370 PS Boxer) ist charmant, aber f\u00fcr modernen Verkehr oft zu schwach. Berg\u00e4uf wird es zur Geduldsprobe, auf der Autobahn ist Tempo 100 das Maximum. Mit einem Elektroantrieb \u00e4ndert sich alles:<\/p><ul style=\"color:#ccc;padding-left:20px;margin:12px 0;\"><li><strong>150 PS statt 50 PS<\/strong> \u2013 Dreifache Leistung mit sofortigem Drehmoment<\/li><li><strong>Bis zu 280 km Reichweite<\/strong> \u2013 Genug f\u00fcr den Wochenendausflug<\/li><li><strong>CCS-Schnellladen<\/strong> \u2013 20\u201380% in 35 Minuten<\/li><li><strong>Leiser als je zuvor<\/strong> \u2013 Das Boxer-Ger\u00e4usch weicht entspanntem Gleiten<\/li><li><strong>Keine \u00d6lwechsel, kein Ventileinstellen<\/strong> \u2013 80% weniger Wartung<\/li><\/ul><h2 style=\"color:#fff;margin-top:40px;\">Was kostet der VW T2 Elektroumbau?<\/h2><style>.t2table{width:100%;border-collapse:collapse;margin:16px 0}.t2table th{background:#1a1a2e;color:#b6c6c9;padding:10px 12px;text-align:left}.t2table td{padding:8px 12px;border-bottom:1px solid #222;color:#ccc}.t2table .price{color:#4ade80;font-weight:600}<\/style><table class=\"t2table\"><thead><tr><th>Paket<\/th><th>Performance<\/th><th>BATTERY<\/th><th>Range<\/th><th>Kit-Preis<\/th><\/tr><\/thead><tbody><tr><td><strong>Standard<\/strong><\/td><td>150 PS<\/td><td>32 kWh<\/td><td>~180 km<\/td><td class=\"price\">29.990 \u20ac<\/td><\/tr><tr><td><strong>Performance<\/strong><\/td><td>150 PS<\/td><td>48 kWh<\/td><td>~280 km<\/td><td class=\"price\">39.990 \u20ac<\/td><\/tr><\/tbody><\/table><p style=\"color:#ccc;\">Komplettumbau inkl. Einbau: 40.000\u201355.000 \u20ac. <a href=\"\/en\/elektroumbau-kosten\/\" style=\"color:#b6c6c9;\">Alle Kosten im Detail<\/a><\/p><h2 style=\"color:#fff;margin-top:40px;\">Kompatible T2-Modelle<\/h2><p style=\"color:#ccc;\">Alle VW T2 Varianten (1967\u20131979) sind kompatibel: Bulli, Kombi, Pritsche, Doppelkabine und <strong>Westfalia-Campingbus<\/strong>. Beim Westfalia bleibt die komplette Campingausstattung erhalten \u2013 der Motor sitzt im Heck, der Wohnbereich wird nicht ber\u00fchrt.<\/p><h2 style=\"color:#fff;margin-top:40px;\">Technische Details des T2 Kits<\/h2><p style=\"color:#ccc;\">Tesla LDU-Motor (150 PS\/300 Nm), 32 oder 48 kWh LFP-Batterie, CCS-Ladebuchse (Typ 2), 10 kW On-Board-Charger, vollst\u00e4ndiger HV- und NV-Kabelbaum, BMS, K\u00fchlsystem, digitales Display und T\u00dcV-Dokumentation. Alles vormontiert als Plug-and-Play.<\/p><h2 style=\"color:#fff;margin-top:40px;\">Einbau: 3\u20135 Arbeitstage<\/h2><p style=\"color:#ccc;\">Der Einbau folgt dem gleichen bew\u00e4hrten Prozess wie bei allen ESDI EV Kits: Motor raus, Adapter rein, Batterie montieren, verkabeln, testen, T\u00dcV. Bei Einbau in unserer Werkstatt oder bei einem B2B-Partner ist der T2 innerhalb einer Woche fahrbereit.<\/p><h2 style=\"color:#fff;margin-top:40px;\">T\u00dcV, H-Kennzeichen &#038; Zulassung<\/h2><p style=\"color:#ccc;\">Vollst\u00e4ndige T\u00dcV-Dokumentation inklusive. E-Kennzeichen m\u00f6glich. 10 Jahre KFZ-Steuerbefreiung. <a href=\"\/en\/h-kennzeichen-e-kennzeichen-elektroumbau\/\" style=\"color:#b6c6c9;\">H- vs E-Kennzeichen im Vergleich<\/a><\/p><h2 style=\"color:#fff;margin-top:40px;\">H\u00e4ufige Fragen<\/h2><h3 style=\"color:#b6c6c9;\">Kann ich meinen Westfalia-Campingbus umbauen?<\/h3><p style=\"color:#ccc;\">Ja! Der Elektroantrieb sitzt im Heck, wo der originale Motor war. Die Campingausstattung (K\u00fcche, Bett, Schr\u00e4nke) bleibt vollst\u00e4ndig erhalten. Bonus: Die Batterie kann als Stromquelle f\u00fcr Camping-Ger\u00e4te dienen (bidirektionales Laden).<\/p><h3 style=\"color:#b6c6c9;\">Ist der Umbau reversibel?<\/h3><p style=\"color:#ccc;\">Ja, zu 100%. Keine Karosserie-Schnitte, keine dauerhaften \u00c4nderungen.<\/p><h3 style=\"color:#b6c6c9;\">Was wiegt das Kit?<\/h3><p style=\"color:#ccc;\">Ca. 200\u2013250 kg je nach Batterie. Mehrgewicht gegen\u00fcber Original: ca. 100\u2013130 kg.<\/p><div style=\"text-align:center;margin-top:50px;\"><a href=\"\/en\/kontakt\/\" style=\"display:inline-block;padding:14px 32px;background:transparent;border:2px solid #b6c6c9;color:#b6c6c9;text-decoration:none;font-weight:600;letter-spacing:1px;border-radius:4px;\">T2 UMBAU ANFRAGEN<\/a><\/div>\t\t\t\t\t\t\t<\/div>\r\n\t\t\t\t\t\t\t\t\t\t<\/div>\n\t\t\t\t<\/div>\n\t\t\t\t\t<\/div>\n\t\t<\/div>\n\t\t\t\t\t<\/div><\/div>\r\n\t\t<\/section>\r\n\t\t\t\t<\/div>","protected":false},"excerpt":{"rendered":"","protected":false},"author":1,"featured_media":5977,"parent":0,"menu_order":0,"comment_status":"closed","ping_status":"closed","template":"page-fullwidth.php","meta":{"footnotes":""},"class_list":["post-6677","page","type-page","status-publish","has-post-thumbnail"],"_links":{"self":[{"href":"https:\/\/esdi-ev.de\/en\/wp-json\/wp\/v2\/pages\/6677","targetHints":{"allow":["GET"]}}],"collection":[{"href":"https:\/\/esdi-ev.de\/en\/wp-json\/wp\/v2\/pages"}],"about":[{"href":"https:\/\/esdi-ev.de\/en\/wp-json\/wp\/v2\/types\/page"}],"author":[{"embeddable":true,"href":"https:\/\/esdi-ev.de\/en\/wp-json\/wp\/v2\/users\/1"}],"replies":[{"embeddable":true,"href":"https:\/\/esdi-ev.de\/en\/wp-json\/wp\/v2\/comments?post=6677"}],"version-history":[{"count":1,"href":"https:\/\/esdi-ev.de\/en\/wp-json\/wp\/v2\/pages\/6677\/revisions"}],"predecessor-version":[{"id":7781,"href":"https:\/\/esdi-ev.de\/en\/wp-json\/wp\/v2\/pages\/6677\/revisions\/7781"}],"wp:featuredmedia":[{"embeddable":true,"href":"https:\/\/esdi-ev.de\/en\/wp-json\/wp\/v2\/media\/5977"}],"wp:attachment":[{"href":"https:\/\/esdi-ev.de\/en\/wp-json\/wp\/v2\/media?parent=6677"}],"curies":[{"name":"wp","href":"https:\/\/api.w.org\/{rel}","templated":true}]}}