{"id":6665,"date":"2026-03-18T16:26:45","date_gmt":"2026-03-18T15:26:45","guid":{"rendered":"https:\/\/esdi-ev.de\/h-kennzeichen-e-kennzeichen-elektroumbau\/"},"modified":"2026-05-04T13:49:56","modified_gmt":"2026-05-04T11:49:56","slug":"h-kennzeichen-e-kennzeichen-elektroumbau","status":"publish","type":"page","link":"https:\/\/esdi-ev.de\/en\/h-kennzeichen-e-kennzeichen-elektroumbau\/","title":{"rendered":"H-Kennzeichen vs E-Kennzeichen beim Elektroumbau"},"content":{"rendered":"<div data-elementor-type=\"wp-page\" data-elementor-id=\"6665\" class=\"elementor elementor-6665 elementor-bc-flex-widget\">\n\t\t\t\t\t\t<section class=\"ob-is-breaking-bad elementor-section elementor-top-section elementor-element elementor-element-hkhero elementor-section-boxed elementor-section-height-default elementor-section-height-default\" data-id=\"hkhero\" data-element_type=\"section\" data-e-type=\"section\" data-settings=\"{&quot;background_background&quot;:&quot;classic&quot;,&quot;_ob_bbad_use_it&quot;:&quot;yes&quot;,&quot;_ob_bbad_sssic_use&quot;:&quot;no&quot;,&quot;_ob_glider_is_slider&quot;:&quot;no&quot;}\">\r\n\t\t\t\t\t\t<div class=\"elementor-container elementor-column-gap-thegem\"><div class=\"elementor-row\">\r\n\t\t\t\t\t<div class=\"elementor-column elementor-col-100 elementor-top-column elementor-element elementor-element-hkc1\" data-id=\"hkc1\" data-element_type=\"column\" data-e-type=\"column\" data-settings=\"{&quot;_ob_bbad_is_stalker&quot;:&quot;no&quot;,&quot;_ob_teleporter_use&quot;:false,&quot;_ob_column_hoveranimator&quot;:&quot;no&quot;,&quot;_ob_column_has_pseudo&quot;:&quot;no&quot;}\">\n\t\t\t<div class=\"elementor-widget-wrap elementor-element-populated\">\n\t\t\t\t\t\t<div class=\"elementor-element elementor-element-hkh1 ob-harakiri-inherit flex-horizontal-align-default flex-horizontal-align-tablet-default flex-horizontal-align-mobile-default flex-vertical-align-default flex-vertical-align-tablet-default flex-vertical-align-mobile-default ob-has-background-overlay elementor-widget elementor-widget-heading\" data-id=\"hkh1\" data-element_type=\"widget\" data-e-type=\"widget\" data-settings=\"{&quot;_ob_use_harakiri&quot;:&quot;yes&quot;,&quot;_ob_harakiri_writing_mode&quot;:&quot;inherit&quot;,&quot;_ob_harakiri_text_clip&quot;:&quot;none&quot;,&quot;_ob_perspektive_use&quot;:&quot;no&quot;,&quot;_ob_poopart_use&quot;:&quot;yes&quot;,&quot;_ob_shadough_use&quot;:&quot;no&quot;,&quot;_ob_allow_hoveranimator&quot;:&quot;no&quot;,&quot;_ob_widget_stalker_use&quot;:&quot;no&quot;}\" data-widget_type=\"heading.default\">\n\t\t\t\t<div class=\"elementor-widget-container\">\n\t\t\t\t\t<h2 class=\"elementor-heading-title elementor-size-default\">H-Kennzeichen vs E-Kennzeichen<\/h2>\t\t\t\t<\/div>\n\t\t\t\t<\/div>\n\t\t\t\t<div class=\"elementor-element elementor-element-hkh2 ob-harakiri-inherit flex-horizontal-align-default flex-horizontal-align-tablet-default flex-horizontal-align-mobile-default flex-vertical-align-default flex-vertical-align-tablet-default flex-vertical-align-mobile-default ob-has-background-overlay elementor-widget elementor-widget-heading\" data-id=\"hkh2\" data-element_type=\"widget\" data-e-type=\"widget\" data-settings=\"{&quot;_ob_use_harakiri&quot;:&quot;yes&quot;,&quot;_ob_harakiri_writing_mode&quot;:&quot;inherit&quot;,&quot;_ob_harakiri_text_clip&quot;:&quot;none&quot;,&quot;_ob_perspektive_use&quot;:&quot;no&quot;,&quot;_ob_poopart_use&quot;:&quot;yes&quot;,&quot;_ob_shadough_use&quot;:&quot;no&quot;,&quot;_ob_allow_hoveranimator&quot;:&quot;no&quot;,&quot;_ob_widget_stalker_use&quot;:&quot;no&quot;}\" data-widget_type=\"heading.default\">\n\t\t\t\t<div class=\"elementor-widget-container\">\n\t\t\t\t\t<h2 class=\"elementor-heading-title elementor-size-default\">Was passiert mit deinem Oldtimer-Kennzeichen beim Elektroumbau?<\/h2>\t\t\t\t<\/div>\n\t\t\t\t<\/div>\n\t\t\t\t<div class=\"elementor-element elementor-element-hkdiv elementor-widget-divider--view-line flex-horizontal-align-default flex-horizontal-align-tablet-default flex-horizontal-align-mobile-default flex-vertical-align-default flex-vertical-align-tablet-default flex-vertical-align-mobile-default ob-has-background-overlay elementor-widget elementor-widget-divider\" data-id=\"hkdiv\" data-element_type=\"widget\" data-e-type=\"widget\" data-settings=\"{&quot;_ob_perspektive_use&quot;:&quot;no&quot;,&quot;_ob_poopart_use&quot;:&quot;yes&quot;,&quot;_ob_shadough_use&quot;:&quot;no&quot;,&quot;_ob_allow_hoveranimator&quot;:&quot;no&quot;,&quot;_ob_widget_stalker_use&quot;:&quot;no&quot;}\" data-widget_type=\"divider.default\">\n\t\t\t\t<div class=\"elementor-widget-container\">\n\t\t\t\t\t\t\t<div class=\"elementor-divider\">\n\t\t\t<span class=\"elementor-divider-separator\">\n\t\t\t\t\t\t<\/span>\n\t\t<\/div>\n\t\t\t\t\t\t<\/div>\n\t\t\t\t<\/div>\n\t\t\t\t<div class=\"elementor-element elementor-element-hkintro ob-harakiri-inherit flex-horizontal-align-default flex-horizontal-align-tablet-default flex-horizontal-align-mobile-default flex-vertical-align-default flex-vertical-align-tablet-default flex-vertical-align-mobile-default ob-has-background-overlay elementor-widget elementor-widget-text-editor\" data-id=\"hkintro\" data-element_type=\"widget\" data-e-type=\"widget\" data-settings=\"{&quot;_ob_use_harakiri&quot;:&quot;yes&quot;,&quot;_ob_harakiri_writing_mode&quot;:&quot;inherit&quot;,&quot;_ob_postman_use&quot;:&quot;no&quot;,&quot;_ob_perspektive_use&quot;:&quot;no&quot;,&quot;_ob_poopart_use&quot;:&quot;yes&quot;,&quot;_ob_shadough_use&quot;:&quot;no&quot;,&quot;_ob_allow_hoveranimator&quot;:&quot;no&quot;,&quot;_ob_widget_stalker_use&quot;:&quot;no&quot;}\" data-widget_type=\"text-editor.default\">\n\t\t\t\t<div class=\"elementor-widget-container\">\n\t\t\t\t\t\t\t\t\t\t\t\t<div class=\"elementor-text-editor elementor-clearfix\">\r\n\t\t\t\t\t\t<p style=\"color:#ccc;font-size:16px;\">Eine der h\u00e4ufigsten Fragen beim Elektroumbau eines Oldtimers: <strong style=\"color:#fff;\">Behalte ich mein H-Kennzeichen?<\/strong> Die kurze Antwort: In der Regel nicht direkt \u2013 aber du bekommst daf\u00fcr andere Vorteile. Auf dieser Seite erf\u00e4hrst du alles \u00fcber die Kennzeichen-Situation beim Elektroumbau, welche steuerlichen Vorteile du hast und warum ein reversibler Umbau die beste L\u00f6sung ist.<\/p>\t\t\t\t\t\t\t<\/div>\r\n\t\t\t\t\t\t\t\t\t\t<\/div>\n\t\t\t\t<\/div>\n\t\t\t\t\t<\/div>\n\t\t<\/div>\n\t\t\t\t\t<\/div><\/div>\r\n\t\t<\/section>\r\n\t\t\t\t<section class=\"ob-is-breaking-bad elementor-section elementor-top-section elementor-element elementor-element-hkvergleich elementor-section-boxed elementor-section-height-default elementor-section-height-default\" data-id=\"hkvergleich\" data-element_type=\"section\" data-e-type=\"section\" data-settings=\"{&quot;background_background&quot;:&quot;classic&quot;,&quot;_ob_bbad_use_it&quot;:&quot;yes&quot;,&quot;_ob_bbad_sssic_use&quot;:&quot;no&quot;,&quot;_ob_glider_is_slider&quot;:&quot;no&quot;}\">\r\n\t\t\t\t\t\t<div class=\"elementor-container elementor-column-gap-thegem\"><div class=\"elementor-row\">\r\n\t\t\t\t\t<div class=\"elementor-column elementor-col-100 elementor-top-column elementor-element elementor-element-hkc2\" data-id=\"hkc2\" data-element_type=\"column\" data-e-type=\"column\" data-settings=\"{&quot;_ob_bbad_is_stalker&quot;:&quot;no&quot;,&quot;_ob_teleporter_use&quot;:false,&quot;_ob_column_hoveranimator&quot;:&quot;no&quot;,&quot;_ob_column_has_pseudo&quot;:&quot;no&quot;}\">\n\t\t\t<div class=\"elementor-widget-wrap elementor-element-populated\">\n\t\t\t\t\t\t<div class=\"elementor-element elementor-element-hkvh ob-harakiri-inherit flex-horizontal-align-default flex-horizontal-align-tablet-default flex-horizontal-align-mobile-default flex-vertical-align-default flex-vertical-align-tablet-default flex-vertical-align-mobile-default ob-has-background-overlay elementor-widget elementor-widget-heading\" data-id=\"hkvh\" data-element_type=\"widget\" data-e-type=\"widget\" data-settings=\"{&quot;_ob_use_harakiri&quot;:&quot;yes&quot;,&quot;_ob_harakiri_writing_mode&quot;:&quot;inherit&quot;,&quot;_ob_harakiri_text_clip&quot;:&quot;none&quot;,&quot;_ob_perspektive_use&quot;:&quot;no&quot;,&quot;_ob_poopart_use&quot;:&quot;yes&quot;,&quot;_ob_shadough_use&quot;:&quot;no&quot;,&quot;_ob_allow_hoveranimator&quot;:&quot;no&quot;,&quot;_ob_widget_stalker_use&quot;:&quot;no&quot;}\" data-widget_type=\"heading.default\">\n\t\t\t\t<div class=\"elementor-widget-container\">\n\t\t\t\t\t<h2 class=\"elementor-heading-title elementor-size-default\">H-Kennzeichen: Die Regeln<\/h2>\t\t\t\t<\/div>\n\t\t\t\t<\/div>\n\t\t\t\t<div class=\"elementor-element elementor-element-hkvt1 ob-harakiri-inherit flex-horizontal-align-default flex-horizontal-align-tablet-default flex-horizontal-align-mobile-default flex-vertical-align-default flex-vertical-align-tablet-default flex-vertical-align-mobile-default ob-has-background-overlay elementor-widget elementor-widget-text-editor\" data-id=\"hkvt1\" data-element_type=\"widget\" data-e-type=\"widget\" data-settings=\"{&quot;_ob_use_harakiri&quot;:&quot;yes&quot;,&quot;_ob_harakiri_writing_mode&quot;:&quot;inherit&quot;,&quot;_ob_postman_use&quot;:&quot;no&quot;,&quot;_ob_perspektive_use&quot;:&quot;no&quot;,&quot;_ob_poopart_use&quot;:&quot;yes&quot;,&quot;_ob_shadough_use&quot;:&quot;no&quot;,&quot;_ob_allow_hoveranimator&quot;:&quot;no&quot;,&quot;_ob_widget_stalker_use&quot;:&quot;no&quot;}\" data-widget_type=\"text-editor.default\">\n\t\t\t\t<div class=\"elementor-widget-container\">\n\t\t\t\t\t\t\t\t\t\t\t\t<div class=\"elementor-text-editor elementor-clearfix\">\r\n\t\t\t\t\t\t<p style=\"color:#ccc;\">Das <strong style=\"color:#fff;\">H-Kennzeichen<\/strong> (Historisches Kennzeichen) erhalten Fahrzeuge, die mindestens 30 Jahre alt sind und sich in einem weitgehend <strong>originalen Zustand<\/strong> befinden. Die wichtigste Voraussetzung: Das Fahrzeug muss als \u201eKraftfahrzeughistorisches Kulturgut\u201c gelten.<\/p><h3 style=\"color:#b6c6c9;margin-top:30px;\">Was passiert beim Elektroumbau?<\/h3><p style=\"color:#ccc;\">Beim Austausch des Original-Motors gegen einen Elektromotor wird die Hauptbaugruppe \u201eAntrieb\u201c wesentlich ver\u00e4ndert. Nach aktueller Rechtslage (Stand 2026) f\u00fchrt das in den meisten F\u00e4llen zum <strong>Verlust des H-Kennzeichens<\/strong>, da das Fahrzeug nicht mehr dem \u201eweitgehend originalen Zustand\u201c entspricht.<\/p><p style=\"color:#999;font-style:italic;margin-top:10px;\">Wichtig: Es gibt Diskussionen und Bestrebungen, die Regelung zu \u00e4ndern \u2013 insbesondere f\u00fcr reversible Umbauten. Wir informieren dich, sobald sich die Gesetzeslage \u00e4ndert.<\/p>\t\t\t\t\t\t\t<\/div>\r\n\t\t\t\t\t\t\t\t\t\t<\/div>\n\t\t\t\t<\/div>\n\t\t\t\t<div class=\"elementor-element elementor-element-hkvh2 ob-harakiri-inherit flex-horizontal-align-default flex-horizontal-align-tablet-default flex-horizontal-align-mobile-default flex-vertical-align-default flex-vertical-align-tablet-default flex-vertical-align-mobile-default ob-has-background-overlay elementor-widget elementor-widget-heading\" data-id=\"hkvh2\" data-element_type=\"widget\" data-e-type=\"widget\" data-settings=\"{&quot;_ob_use_harakiri&quot;:&quot;yes&quot;,&quot;_ob_harakiri_writing_mode&quot;:&quot;inherit&quot;,&quot;_ob_harakiri_text_clip&quot;:&quot;none&quot;,&quot;_ob_perspektive_use&quot;:&quot;no&quot;,&quot;_ob_poopart_use&quot;:&quot;yes&quot;,&quot;_ob_shadough_use&quot;:&quot;no&quot;,&quot;_ob_allow_hoveranimator&quot;:&quot;no&quot;,&quot;_ob_widget_stalker_use&quot;:&quot;no&quot;}\" data-widget_type=\"heading.default\">\n\t\t\t\t<div class=\"elementor-widget-container\">\n\t\t\t\t\t<h2 class=\"elementor-heading-title elementor-size-default\">E-Kennzeichen: Die Alternative<\/h2>\t\t\t\t<\/div>\n\t\t\t\t<\/div>\n\t\t\t\t<div class=\"elementor-element elementor-element-hkvt2 ob-harakiri-inherit flex-horizontal-align-default flex-horizontal-align-tablet-default flex-horizontal-align-mobile-default flex-vertical-align-default flex-vertical-align-tablet-default flex-vertical-align-mobile-default ob-has-background-overlay elementor-widget elementor-widget-text-editor\" data-id=\"hkvt2\" data-element_type=\"widget\" data-e-type=\"widget\" data-settings=\"{&quot;_ob_use_harakiri&quot;:&quot;yes&quot;,&quot;_ob_harakiri_writing_mode&quot;:&quot;inherit&quot;,&quot;_ob_postman_use&quot;:&quot;no&quot;,&quot;_ob_perspektive_use&quot;:&quot;no&quot;,&quot;_ob_poopart_use&quot;:&quot;yes&quot;,&quot;_ob_shadough_use&quot;:&quot;no&quot;,&quot;_ob_allow_hoveranimator&quot;:&quot;no&quot;,&quot;_ob_widget_stalker_use&quot;:&quot;no&quot;}\" data-widget_type=\"text-editor.default\">\n\t\t\t\t<div class=\"elementor-widget-container\">\n\t\t\t\t\t\t\t\t\t\t\t\t<div class=\"elementor-text-editor elementor-clearfix\">\r\n\t\t\t\t\t\t<p style=\"color:#ccc;\">Nach dem Elektroumbau kannst du ein <strong style=\"color:#fff;\">E-License Plate<\/strong> beantragen. Das E-Kennzeichen bietet eigene Vorteile:<\/p><ul style=\"color:#ccc;margin:16px 0;padding-left:20px;\"><li><strong>KFZ-Steuerbefreiung<\/strong> f\u00fcr 10 Jahre (spart ca. 200\u2013400 \u20ac\/Jahr je nach Fahrzeug)<\/li><li><strong>Kostenlos parken<\/strong> in vielen St\u00e4dten auf E-Parkpl\u00e4tzen<\/li><li><strong>Umweltzonen<\/strong>: Freie Fahrt in allen Umweltzonen, auch bei Diesel-Fahrverboten<\/li><li><strong>Busspuren<\/strong>: In einigen St\u00e4dten d\u00fcrfen E-Fahrzeuge die Busspur nutzen<\/li><li><strong>G\u00fcnstigere Versicherung<\/strong>: Viele Versicherer bieten Rabatte f\u00fcr E-Fahrzeuge<\/li><\/ul>\t\t\t\t\t\t\t<\/div>\r\n\t\t\t\t\t\t\t\t\t\t<\/div>\n\t\t\t\t<\/div>\n\t\t\t\t<div class=\"elementor-element elementor-element-hktable ob-harakiri-inherit flex-horizontal-align-default flex-horizontal-align-tablet-default flex-horizontal-align-mobile-default flex-vertical-align-default flex-vertical-align-tablet-default flex-vertical-align-mobile-default ob-has-background-overlay elementor-widget elementor-widget-text-editor\" data-id=\"hktable\" data-element_type=\"widget\" data-e-type=\"widget\" data-settings=\"{&quot;_ob_use_harakiri&quot;:&quot;yes&quot;,&quot;_ob_harakiri_writing_mode&quot;:&quot;inherit&quot;,&quot;_ob_postman_use&quot;:&quot;no&quot;,&quot;_ob_perspektive_use&quot;:&quot;no&quot;,&quot;_ob_poopart_use&quot;:&quot;yes&quot;,&quot;_ob_shadough_use&quot;:&quot;no&quot;,&quot;_ob_allow_hoveranimator&quot;:&quot;no&quot;,&quot;_ob_widget_stalker_use&quot;:&quot;no&quot;}\" data-widget_type=\"text-editor.default\">\n\t\t\t\t<div class=\"elementor-widget-container\">\n\t\t\t\t\t\t\t\t\t\t\t\t<div class=\"elementor-text-editor elementor-clearfix\">\r\n\t\t\t\t\t\t<h3 style=\"color:#b6c6c9;margin-top:30px;\">Vergleich: H-Kennzeichen vs E-Kennzeichen<\/h3><style>.hk-table{width:100%;border-collapse:collapse;margin:16px 0}.hk-table th{background:#1a1a2e;color:#b6c6c9;padding:12px;text-align:left;border-bottom:2px solid #333}.hk-table td{padding:10px 12px;border-bottom:1px solid #222;color:#ccc}.hk-table tr:hover{background:#111}<\/style><table class=\"hk-table\"><thead><tr><th>Kriterium<\/th><th>H-Kennzeichen<\/th><th>E-License Plate<\/th><\/tr><\/thead><tbody><tr><td><strong>KFZ-Steuer<\/strong><\/td><td>Pauschal 191,73 \u20ac\/Jahr<\/td><td>0 \u20ac f\u00fcr 10 Jahre<\/td><\/tr><tr><td><strong>Umweltzonen<\/strong><\/td><td>Freie Fahrt (Ausnahme)<\/td><td>Freie Fahrt (E-Fahrzeug)<\/td><\/tr><tr><td><strong>Parken<\/strong><\/td><td>Normal<\/td><td>Kostenlos auf E-Parkpl\u00e4tzen<\/td><\/tr><tr><td><strong>Insurance<\/strong><\/td><td>G\u00fcnstig (Oldtimer-Tarif)<\/td><td>G\u00fcnstig (E-Rabatt)<\/td><\/tr><tr><td><strong>Saison-KZ m\u00f6glich?<\/strong><\/td><td>Ja<\/td><td>Ja<\/td><\/tr><tr><td><strong>Alltagsnutzung<\/strong><\/td><td>Eingeschr\u00e4nkt empfohlen<\/td><td>Uneingeschr\u00e4nkt<\/td><\/tr><tr><td><strong>Wertsteigerung<\/strong><\/td><td>Potenziell h\u00f6her<\/td><td>Zukunftssicher<\/td><\/tr><\/tbody><\/table>\t\t\t\t\t\t\t<\/div>\r\n\t\t\t\t\t\t\t\t\t\t<\/div>\n\t\t\t\t<\/div>\n\t\t\t\t\t<\/div>\n\t\t<\/div>\n\t\t\t\t\t<\/div><\/div>\r\n\t\t<\/section>\r\n\t\t\t\t<section class=\"ob-is-breaking-bad elementor-section elementor-top-section elementor-element elementor-element-hkreversibel elementor-section-boxed elementor-section-height-default elementor-section-height-default\" data-id=\"hkreversibel\" data-element_type=\"section\" data-e-type=\"section\" data-settings=\"{&quot;background_background&quot;:&quot;classic&quot;,&quot;_ob_bbad_use_it&quot;:&quot;yes&quot;,&quot;_ob_bbad_sssic_use&quot;:&quot;no&quot;,&quot;_ob_glider_is_slider&quot;:&quot;no&quot;}\">\r\n\t\t\t\t\t\t<div class=\"elementor-container elementor-column-gap-thegem\"><div class=\"elementor-row\">\r\n\t\t\t\t\t<div class=\"elementor-column elementor-col-100 elementor-top-column elementor-element elementor-element-hkc3\" data-id=\"hkc3\" data-element_type=\"column\" data-e-type=\"column\" data-settings=\"{&quot;_ob_bbad_is_stalker&quot;:&quot;no&quot;,&quot;_ob_teleporter_use&quot;:false,&quot;_ob_column_hoveranimator&quot;:&quot;no&quot;,&quot;_ob_column_has_pseudo&quot;:&quot;no&quot;}\">\n\t\t\t<div class=\"elementor-widget-wrap elementor-element-populated\">\n\t\t\t\t\t\t<div class=\"elementor-element elementor-element-hkrh ob-harakiri-inherit flex-horizontal-align-default flex-horizontal-align-tablet-default flex-horizontal-align-mobile-default flex-vertical-align-default flex-vertical-align-tablet-default flex-vertical-align-mobile-default ob-has-background-overlay elementor-widget elementor-widget-heading\" data-id=\"hkrh\" data-element_type=\"widget\" data-e-type=\"widget\" data-settings=\"{&quot;_ob_use_harakiri&quot;:&quot;yes&quot;,&quot;_ob_harakiri_writing_mode&quot;:&quot;inherit&quot;,&quot;_ob_harakiri_text_clip&quot;:&quot;none&quot;,&quot;_ob_perspektive_use&quot;:&quot;no&quot;,&quot;_ob_poopart_use&quot;:&quot;yes&quot;,&quot;_ob_shadough_use&quot;:&quot;no&quot;,&quot;_ob_allow_hoveranimator&quot;:&quot;no&quot;,&quot;_ob_widget_stalker_use&quot;:&quot;no&quot;}\" data-widget_type=\"heading.default\">\n\t\t\t\t<div class=\"elementor-widget-container\">\n\t\t\t\t\t<h2 class=\"elementor-heading-title elementor-size-default\">Die L\u00f6sung: Reversibler Umbau<\/h2>\t\t\t\t<\/div>\n\t\t\t\t<\/div>\n\t\t\t\t<div class=\"elementor-element elementor-element-hkrt ob-harakiri-inherit flex-horizontal-align-default flex-horizontal-align-tablet-default flex-horizontal-align-mobile-default flex-vertical-align-default flex-vertical-align-tablet-default flex-vertical-align-mobile-default ob-has-background-overlay elementor-widget elementor-widget-text-editor\" data-id=\"hkrt\" data-element_type=\"widget\" data-e-type=\"widget\" data-settings=\"{&quot;_ob_use_harakiri&quot;:&quot;yes&quot;,&quot;_ob_harakiri_writing_mode&quot;:&quot;inherit&quot;,&quot;_ob_postman_use&quot;:&quot;no&quot;,&quot;_ob_perspektive_use&quot;:&quot;no&quot;,&quot;_ob_poopart_use&quot;:&quot;yes&quot;,&quot;_ob_shadough_use&quot;:&quot;no&quot;,&quot;_ob_allow_hoveranimator&quot;:&quot;no&quot;,&quot;_ob_widget_stalker_use&quot;:&quot;no&quot;}\" data-widget_type=\"text-editor.default\">\n\t\t\t\t<div class=\"elementor-widget-container\">\n\t\t\t\t\t\t\t\t\t\t\t\t<div class=\"elementor-text-editor elementor-clearfix\">\r\n\t\t\t\t\t\t<p style=\"color:#ccc;font-size:16px;\">Mit einem <strong style=\"color:#fff;\">reversiblen Elektroumbau<\/strong> von ESDI EV hast du das Beste aus beiden Welten:<\/p><ul style=\"color:#ccc;margin:16px 0;padding-left:20px;font-size:16px;\"><li><strong>Jetzt E-Kennzeichen nutzen<\/strong> \u2013 mit allen Steuervorteilen und Umweltzonen-Freiheit<\/li><li><strong>Jederzeit zur\u00fcck zum Original<\/strong> \u2013 der Verbrenner-Motor wird eingelagert und kann wieder eingebaut werden<\/li><li><strong>H-Kennzeichen sp\u00e4ter wieder beantragen<\/strong> \u2013 nach R\u00fcckbau auf den Originalzustand<\/li><li><strong>Werterhalt gesichert<\/strong> \u2013 keine Karosserie-Schnitte, keine dauerhaften Ver\u00e4nderungen<\/li><\/ul><p style=\"color:#ccc;font-size:16px;margin-top:20px;\">Alle ESDI EV Kits sind <strong>100% reversibel<\/strong>. Das ist unser Kernversprechen und gleichzeitig die smarteste Strategie f\u00fcr Oldtimer-Besitzer, die elektrisch fahren m\u00f6chten, ohne den historischen Wert ihres Fahrzeugs zu gef\u00e4hrden.<\/p><div style=\"text-align:center;margin-top:40px;\"><a href=\"\/en\/kontakt\/\" style=\"display:inline-block;padding:14px 32px;background:transparent;border:2px solid #b6c6c9;color:#b6c6c9;text-decoration:none;font-weight:600;letter-spacing:1px;border-radius:4px;font-size:14px;\">BERATUNG ANFRAGEN<\/a><\/div>\t\t\t\t\t\t\t<\/div>\r\n\t\t\t\t\t\t\t\t\t\t<\/div>\n\t\t\t\t<\/div>\n\t\t\t\t\t<\/div>\n\t\t<\/div>\n\t\t\t\t\t<\/div><\/div>\r\n\t\t<\/section>\r\n\t\t\t\t<\/div>","protected":false},"excerpt":{"rendered":"","protected":false},"author":1,"featured_media":5869,"parent":0,"menu_order":0,"comment_status":"closed","ping_status":"closed","template":"page-fullwidth.php","meta":{"footnotes":""},"class_list":["post-6665","page","type-page","status-publish","has-post-thumbnail"],"_links":{"self":[{"href":"https:\/\/esdi-ev.de\/en\/wp-json\/wp\/v2\/pages\/6665","targetHints":{"allow":["GET"]}}],"collection":[{"href":"https:\/\/esdi-ev.de\/en\/wp-json\/wp\/v2\/pages"}],"about":[{"href":"https:\/\/esdi-ev.de\/en\/wp-json\/wp\/v2\/types\/page"}],"author":[{"embeddable":true,"href":"https:\/\/esdi-ev.de\/en\/wp-json\/wp\/v2\/users\/1"}],"replies":[{"embeddable":true,"href":"https:\/\/esdi-ev.de\/en\/wp-json\/wp\/v2\/comments?post=6665"}],"version-history":[{"count":2,"href":"https:\/\/esdi-ev.de\/en\/wp-json\/wp\/v2\/pages\/6665\/revisions"}],"predecessor-version":[{"id":7979,"href":"https:\/\/esdi-ev.de\/en\/wp-json\/wp\/v2\/pages\/6665\/revisions\/7979"}],"wp:featuredmedia":[{"embeddable":true,"href":"https:\/\/esdi-ev.de\/en\/wp-json\/wp\/v2\/media\/5869"}],"wp:attachment":[{"href":"https:\/\/esdi-ev.de\/en\/wp-json\/wp\/v2\/media?parent=6665"}],"curies":[{"name":"wp","href":"https:\/\/api.w.org\/{rel}","templated":true}]}}